{"id":628,"date":"2021-08-24T13:48:14","date_gmt":"2021-08-24T13:48:14","guid":{"rendered":"https:\/\/chefdaniel.de\/impressum"},"modified":"2023-05-23T13:30:55","modified_gmt":"2023-05-23T13:30:55","slug":"impressum","status":"publish","type":"page","link":"https:\/\/chefdaniel.de\/?page_id=628","title":{"rendered":"Impressum"},"content":{"rendered":"<div data-colibri-id=\"628-c1\" class=\"style-751 style-local-628-c1 position-relative\">\n  <!---->\n  <div data-colibri-component=\"section\" data-colibri-id=\"628-c9\" id=\"custom\" class=\"h-section h-section-global-spacing d-flex align-items-lg-center align-items-md-center align-items-center style-1095 style-local-628-c9 position-relative\">\n    <!---->\n    <!---->\n    <div class=\"h-section-grid-container h-section-boxed-container\">\n      <!---->\n      <div data-colibri-id=\"628-c13\" class=\"h-row-container gutters-row-lg-2 gutters-row-md-2 gutters-row-0 gutters-row-v-lg-2 gutters-row-v-md-2 gutters-row-v-2 style-1099 style-local-628-c13 position-relative\">\n        <!---->\n        <div class=\"h-row justify-content-lg-center justify-content-md-center justify-content-center align-items-lg-stretch align-items-md-stretch align-items-stretch gutters-col-lg-2 gutters-col-md-2 gutters-col-0 gutters-col-v-lg-2 gutters-col-v-md-2 gutters-col-v-2\">\n          <!---->\n          <div class=\"h-column h-column-container d-flex h-col-lg-auto h-col-md-auto h-col-auto style-1100-outer style-local-628-c14-outer\">\n            <div data-colibri-id=\"628-c14\" class=\"d-flex h-flex-basis h-column__inner h-px-lg-2 h-px-md-2 h-px-2 v-inner-lg-2 v-inner-md-2 v-inner-2 style-1100 style-local-628-c14 position-relative\">\n              <!---->\n              <!---->\n              <div class=\"w-100 h-y-container h-column__content h-column__v-align flex-basis-100 align-self-lg-start align-self-md-start align-self-start\">\n                <!---->\n                <div data-colibri-id=\"628-c15\" class=\"h-text h-text-component style-1101 style-local-628-c15 position-relative h-element\">\n                  <!---->\n                  <!---->\n                  <div class=\"\">\n                    <h3><strong><br>Inhaltlich verantwortlich gem\u00e4\u00df \u00a7 5 TMG:<\/strong>\n                      <br>\n                    <\/h3>\n                    <h3><strong>Impressum<\/strong><\/h3>\n                    <p>Chef Daniel &#8211; Consulting<\/p>\n                    <p>Weiselberg 10 | 65391 Lorch<\/p>\n                    <p>Telefon: +49 176 47192009<\/p>\n                    <p>E-Mail: d.horne@chefdaniel.de<\/p>\n                    <p>USt-IdNr.: DE84 059 07162&nbsp;Gesch\u00e4ftsf\u00fchrer: Daniel Horne<\/p>\n                    <p>\n                      <br>\n                    <\/p>\n                    <p><span style=\"font-size: 20px;\">Datenschutzerkl\u00e4rung<\/span><\/p>\n                    <p>&nbsp;<\/p>\n                    <p><span style=\"font-size: 12px;\">Chef Daniel &#8211; Consulting verwendet die Daten, die Sie freiwillig \u00fcber diese Website zur Verf\u00fcgung gestellt haben (wie z.B. Ihren Namen, den Namen der Gesellschaft, Ihre Adresse und Zug\u00e4nge zur Kontaktaufnahme, wie z.B. Ihre Telefonnummer, Faxnummer und Email-Adresse), um Ihnen die Informationen zukommen zu lassen, die Sie \u00fcber die Website angefordert haben.<\/span><\/p>\n                    <p><span style=\"font-size: 12px;\">Ihre Daten werden ausschlie\u00dflich f\u00fcr interne administrative Zwecke verwendet und nach entsprechender Verwendung gel\u00f6scht, soweit gesetzliche Vorschriften nicht eine l\u00e4ngere Aufbewahrung vorsehen oder Sie ausdr\u00fccklich w\u00fcnschen, dass Chef Daniel Consulting Ihre Daten f\u00fcr etwaige Werbezwecke nutzt.<\/span><\/p>\n                    <p><span style=\"font-size: 12px;\">Wenn Sie eine Anfrage per Email gesendet haben, sendet Chef Daniel Consulting seine Antwort auf Ihre Anfrage an Ihre Email-Adresse, es sei denn, Sie w\u00fcnschen ausdr\u00fccklich eine andere Form von Kontaktaufnahme.<\/span><\/p>\n                    <p><span style=\"font-size: 12px;\">Ihre personenbezogenen Daten gibt Chef Daniel Consulting nur weiter, wenn dies vom Gesetz oder per Gerichtsbeschluss verlangt wird, um Straftaten zu verhindern, oder aber wenn eine solche Ma\u00dfnahme zu unserem Schutz und der Verteidigung der Rechte von Chef Daniel Consulting notwendig ist.<\/span><\/p>\n                    <p>&nbsp;<\/p>\n                    <p><span style=\"font-size: 20px;\">Haftung \/ Disclaimer<\/span><\/p>\n                    <p>&nbsp;<\/p>\n                    <p><span style=\"font-size: 12px;\">Die Inhalte auf dieser Website werden unter Ausschluss jeglicher Gew\u00e4hrleistung zur Verf\u00fcgung gestellt.&nbsp;<\/span><\/p>\n                    <p><span style=\"font-size: 12px;\">Chef Daniel Consulting \u00fcbernimmt keinerlei Gew\u00e4hr f\u00fcr deren Richtigkeit, Vollst\u00e4ndigkeit oder deren Geeignetheit f\u00fcr bestimmte Verwendungszwecke, insbesondere nicht f\u00fcr Therapiezwecke im Rahmen gesundheitlicher Behandlungen.&nbsp;&nbsp;<\/span><\/p>\n                    <p><span style=\"font-size: 12px;\">Alle Angaben und Quellen, die Chef Daniel Consulting als Inhalte verwendet, werden sorgf\u00e4ltig recherchiert. Dennoch wird hierf\u00fcr keinerlei Haftung f\u00fcr die Vollst\u00e4ndigkeit und Richtigkeit der Inhalte \u00fcbernommen.&nbsp;<\/span><\/p>\n                    <p><span style=\"font-size: 12px;\">Chef Daniel &#8211; Consulting \u00fcbernimmt bez\u00fcglich der Inhalte keine Gew\u00e4hr f\u00fcr deren Freiheit von Rechten Dritter und die Nichtverletzung geistigen Eigentums.&nbsp;<\/span><\/p>\n                    <p><span style=\"font-size: 12px;\">Chef Daniel Consulting hat keinen Einfluss auf die Verwendung der auf dieser Website bereitgestellten Informationen. Die richtige Verwendung der Informationen ist Sache des Nutzers. Der Nutzer hat die Daten auf Vollst\u00e4ndigkeit und Schl\u00fcssigkeit zu \u00fcberpr\u00fcfen und fachkundigen \u2013 bei Gesundheitsthemen insbesondere \u00e4rztlichen \u2013 Rat einzuholen.&nbsp;<\/span><\/p>\n                    <p><span style=\"font-size: 12px;\">Eine Vervielf\u00e4ltigung oder Verbreitung der Inhalte, insbesondere der Fotos, bed\u00fcrfen der vorherigen schriftlichen Genehmigung durch Chef Daniel Consulting<\/span><\/p>\n                    <p>\n                      <br>\n                    <\/p>\n                    <p>\n                      <br>\n                    <\/p>\n                    <p>\n                      <br>\n                    <\/p>\n                  <\/div>\n                <\/div>\n              <\/div>\n            <\/div>\n          <\/div>\n        <\/div>\n      <\/div>\n      <div data-colibri-id=\"628-c10\" class=\"h-row-container gutters-row-lg-2 gutters-row-md-2 gutters-row-0 gutters-row-v-lg-2 gutters-row-v-md-2 gutters-row-v-2 style-1096 style-local-628-c10 position-relative\">\n        <!---->\n        <div class=\"h-row justify-content-lg-center justify-content-md-center justify-content-center align-items-lg-stretch align-items-md-stretch align-items-stretch gutters-col-lg-2 gutters-col-md-2 gutters-col-0 gutters-col-v-lg-2 gutters-col-v-md-2 gutters-col-v-2\">\n          <!---->\n          <div class=\"h-column h-column-container d-flex h-col-lg-auto h-col-md-auto h-col-auto style-1097-outer style-local-628-c11-outer\">\n            <div data-colibri-id=\"628-c11\" class=\"d-flex h-flex-basis h-column__inner h-ui-empty-state-container h-px-lg-2 h-px-md-2 h-px-2 v-inner-lg-2 v-inner-md-2 v-inner-2 style-1097 style-local-628-c11 position-relative\">\n              <!---->\n              <!---->\n              <div class=\"w-100 h-y-container h-column__content h-column__v-align flex-basis-100\">\n                <!---->\n              <\/div>\n            <\/div>\n          <\/div>\n        <\/div>\n      <\/div>\n    <\/div>\n  <\/div>\n<\/div>","protected":false},"excerpt":{"rendered":"<p>Inhaltlich verantwortlich gem\u00e4\u00df \u00a7 5 TMG: Impressum Chef Daniel &#8211; Consulting Weiselberg 10 | 65391 Lorch Telefon: +49 176 47192009 E-Mail: d.horne@chefdaniel.de USt-IdNr.: DE84 059 07162&nbsp;Gesch\u00e4ftsf\u00fchrer: Daniel Horne Datenschutzerkl\u00e4rung &nbsp; [&hellip;]<\/p>\n","protected":false},"author":1,"featured_media":0,"parent":0,"menu_order":0,"comment_status":"closed","ping_status":"closed","template":"page-templates\/full-width-page.php","meta":{"footnotes":""},"class_list":["post-628","page","type-page","status-publish","hentry"],"yoast_head":"<!-- This site is optimized with the Yoast SEO plugin v26.8 - https:\/\/yoast.com\/product\/yoast-seo-wordpress\/ -->\n<title>Impressum - Chef Daniels Culinary Concepts - WINZZA<\/title>\n<meta name=\"robots\" content=\"index, follow, max-snippet:-1, max-image-preview:large, max-video-preview:-1\" \/>\n<link rel=\"canonical\" href=\"https:\/\/chefdaniel.de\/?page_id=628\" \/>\n<meta property=\"og:locale\" content=\"de_DE\" \/>\n<meta property=\"og:type\" content=\"article\" \/>\n<meta property=\"og:title\" content=\"Impressum - Chef Daniels Culinary Concepts - WINZZA\" \/>\n<meta property=\"og:description\" content=\"Inhaltlich verantwortlich gem\u00e4\u00df \u00a7 5 TMG: Impressum Chef Daniel &#8211; Consulting Weiselberg 10 | 65391 Lorch Telefon: +49 176 47192009 E-Mail: d.horne@chefdaniel.de USt-IdNr.: DE84 059 07162&nbsp;Gesch\u00e4ftsf\u00fchrer: Daniel Horne Datenschutzerkl\u00e4rung &nbsp; [&hellip;]\" \/>\n<meta property=\"og:url\" content=\"https:\/\/chefdaniel.de\/?page_id=628\" \/>\n<meta property=\"og:site_name\" content=\"Chef Daniels Culinary Concepts - WINZZA\" \/>\n<meta property=\"article:modified_time\" content=\"2023-05-23T13:30:55+00:00\" \/>\n<meta name=\"twitter:card\" content=\"summary_large_image\" \/>\n<meta name=\"twitter:label1\" content=\"Gesch\u00e4tzte Lesezeit\" \/>\n\t<meta name=\"twitter:data1\" content=\"2\u00a0Minuten\" \/>\n<script type=\"application\/ld+json\" class=\"yoast-schema-graph\">{\"@context\":\"https:\/\/schema.org\",\"@graph\":[{\"@type\":\"WebPage\",\"@id\":\"https:\/\/chefdaniel.de\/?page_id=628\",\"url\":\"https:\/\/chefdaniel.de\/?page_id=628\",\"name\":\"Impressum - Chef Daniels Culinary Concepts - WINZZA\",\"isPartOf\":{\"@id\":\"https:\/\/chefdaniel.de\/#website\"},\"datePublished\":\"2021-08-24T13:48:14+00:00\",\"dateModified\":\"2023-05-23T13:30:55+00:00\",\"breadcrumb\":{\"@id\":\"https:\/\/chefdaniel.de\/?page_id=628#breadcrumb\"},\"inLanguage\":\"de\",\"potentialAction\":[{\"@type\":\"ReadAction\",\"target\":[\"https:\/\/chefdaniel.de\/?page_id=628\"]}]},{\"@type\":\"BreadcrumbList\",\"@id\":\"https:\/\/chefdaniel.de\/?page_id=628#breadcrumb\",\"itemListElement\":[{\"@type\":\"ListItem\",\"position\":1,\"name\":\"Startseite\",\"item\":\"https:\/\/chefdaniel.de\/\"},{\"@type\":\"ListItem\",\"position\":2,\"name\":\"Impressum\"}]},{\"@type\":\"WebSite\",\"@id\":\"https:\/\/chefdaniel.de\/#website\",\"url\":\"https:\/\/chefdaniel.de\/\",\"name\":\"CHEF DANIEL - CULINARY CONCEPTS\",\"description\":\"kulinarische Rheingauer Genussmomente vom kreativen Foodie Chef Daniel regional, saisonal &amp; nachhaltig\",\"publisher\":{\"@id\":\"https:\/\/chefdaniel.de\/#organization\"},\"potentialAction\":[{\"@type\":\"SearchAction\",\"target\":{\"@type\":\"EntryPoint\",\"urlTemplate\":\"https:\/\/chefdaniel.de\/?s={search_term_string}\"},\"query-input\":{\"@type\":\"PropertyValueSpecification\",\"valueRequired\":true,\"valueName\":\"search_term_string\"}}],\"inLanguage\":\"de\"},{\"@type\":\"Organization\",\"@id\":\"https:\/\/chefdaniel.de\/#organization\",\"name\":\"Chef Daniel - Consulting\",\"url\":\"https:\/\/chefdaniel.de\/\",\"logo\":{\"@type\":\"ImageObject\",\"inLanguage\":\"de\",\"@id\":\"https:\/\/chefdaniel.de\/#\/schema\/logo\/image\/\",\"url\":\"https:\/\/chefdaniel.de\/wp-content\/uploads\/2021\/01\/Chef-Daniel-Logo-_-final-blaue-Schrift-weisse-Schrift-2.png\",\"contentUrl\":\"https:\/\/chefdaniel.de\/wp-content\/uploads\/2021\/01\/Chef-Daniel-Logo-_-final-blaue-Schrift-weisse-Schrift-2.png\",\"width\":1080,\"height\":1080,\"caption\":\"Chef Daniel - Consulting\"},\"image\":{\"@id\":\"https:\/\/chefdaniel.de\/#\/schema\/logo\/image\/\"}}]}<\/script>\n<!-- \/ Yoast SEO plugin. -->","yoast_head_json":{"title":"Impressum - Chef Daniels Culinary Concepts - WINZZA","robots":{"index":"index","follow":"follow","max-snippet":"max-snippet:-1","max-image-preview":"max-image-preview:large","max-video-preview":"max-video-preview:-1"},"canonical":"https:\/\/chefdaniel.de\/?page_id=628","og_locale":"de_DE","og_type":"article","og_title":"Impressum - Chef Daniels Culinary Concepts - WINZZA","og_description":"Inhaltlich verantwortlich gem\u00e4\u00df \u00a7 5 TMG: Impressum Chef Daniel &#8211; Consulting Weiselberg 10 | 65391 Lorch Telefon: +49 176 47192009 E-Mail: d.horne@chefdaniel.de USt-IdNr.: DE84 059 07162&nbsp;Gesch\u00e4ftsf\u00fchrer: Daniel Horne Datenschutzerkl\u00e4rung &nbsp; [&hellip;]","og_url":"https:\/\/chefdaniel.de\/?page_id=628","og_site_name":"Chef Daniels Culinary Concepts - WINZZA","article_modified_time":"2023-05-23T13:30:55+00:00","twitter_card":"summary_large_image","twitter_misc":{"Gesch\u00e4tzte Lesezeit":"2\u00a0Minuten"},"schema":{"@context":"https:\/\/schema.org","@graph":[{"@type":"WebPage","@id":"https:\/\/chefdaniel.de\/?page_id=628","url":"https:\/\/chefdaniel.de\/?page_id=628","name":"Impressum - Chef Daniels Culinary Concepts - WINZZA","isPartOf":{"@id":"https:\/\/chefdaniel.de\/#website"},"datePublished":"2021-08-24T13:48:14+00:00","dateModified":"2023-05-23T13:30:55+00:00","breadcrumb":{"@id":"https:\/\/chefdaniel.de\/?page_id=628#breadcrumb"},"inLanguage":"de","potentialAction":[{"@type":"ReadAction","target":["https:\/\/chefdaniel.de\/?page_id=628"]}]},{"@type":"BreadcrumbList","@id":"https:\/\/chefdaniel.de\/?page_id=628#breadcrumb","itemListElement":[{"@type":"ListItem","position":1,"name":"Startseite","item":"https:\/\/chefdaniel.de\/"},{"@type":"ListItem","position":2,"name":"Impressum"}]},{"@type":"WebSite","@id":"https:\/\/chefdaniel.de\/#website","url":"https:\/\/chefdaniel.de\/","name":"CHEF DANIEL - CULINARY CONCEPTS","description":"kulinarische Rheingauer Genussmomente vom kreativen Foodie Chef Daniel regional, saisonal &amp; nachhaltig","publisher":{"@id":"https:\/\/chefdaniel.de\/#organization"},"potentialAction":[{"@type":"SearchAction","target":{"@type":"EntryPoint","urlTemplate":"https:\/\/chefdaniel.de\/?s={search_term_string}"},"query-input":{"@type":"PropertyValueSpecification","valueRequired":true,"valueName":"search_term_string"}}],"inLanguage":"de"},{"@type":"Organization","@id":"https:\/\/chefdaniel.de\/#organization","name":"Chef Daniel - Consulting","url":"https:\/\/chefdaniel.de\/","logo":{"@type":"ImageObject","inLanguage":"de","@id":"https:\/\/chefdaniel.de\/#\/schema\/logo\/image\/","url":"https:\/\/chefdaniel.de\/wp-content\/uploads\/2021\/01\/Chef-Daniel-Logo-_-final-blaue-Schrift-weisse-Schrift-2.png","contentUrl":"https:\/\/chefdaniel.de\/wp-content\/uploads\/2021\/01\/Chef-Daniel-Logo-_-final-blaue-Schrift-weisse-Schrift-2.png","width":1080,"height":1080,"caption":"Chef Daniel - Consulting"},"image":{"@id":"https:\/\/chefdaniel.de\/#\/schema\/logo\/image\/"}}]}},"_links":{"self":[{"href":"https:\/\/chefdaniel.de\/index.php?rest_route=\/wp\/v2\/pages\/628","targetHints":{"allow":["GET"]}}],"collection":[{"href":"https:\/\/chefdaniel.de\/index.php?rest_route=\/wp\/v2\/pages"}],"about":[{"href":"https:\/\/chefdaniel.de\/index.php?rest_route=\/wp\/v2\/types\/page"}],"author":[{"embeddable":true,"href":"https:\/\/chefdaniel.de\/index.php?rest_route=\/wp\/v2\/users\/1"}],"replies":[{"embeddable":true,"href":"https:\/\/chefdaniel.de\/index.php?rest_route=%2Fwp%2Fv2%2Fcomments&post=628"}],"version-history":[{"count":4,"href":"https:\/\/chefdaniel.de\/index.php?rest_route=\/wp\/v2\/pages\/628\/revisions"}],"predecessor-version":[{"id":1702,"href":"https:\/\/chefdaniel.de\/index.php?rest_route=\/wp\/v2\/pages\/628\/revisions\/1702"}],"wp:attachment":[{"href":"https:\/\/chefdaniel.de\/index.php?rest_route=%2Fwp%2Fv2%2Fmedia&parent=628"}],"curies":[{"name":"wp","href":"https:\/\/api.w.org\/{rel}","templated":true}]}}