{"id":2,"date":"2020-07-12T16:31:04","date_gmt":"2020-07-12T16:31:04","guid":{"rendered":"https:\/\/chefdanielculinaryco.live-website.com\/?page_id=2"},"modified":"2024-02-05T17:15:13","modified_gmt":"2024-02-05T17:15:13","slug":"chefdaniel-backround","status":"publish","type":"page","link":"https:\/\/chefdaniel.de\/?page_id=2","title":{"rendered":"\u00dcber mich"},"content":{"rendered":"<div data-colibri-id=\"2-c1\" class=\"style-939 style-local-2-c1 position-relative\">\n  <!---->\n  <div data-colibri-component=\"section\" data-colibri-id=\"2-c2\" id=\"content\" class=\"h-section h-section-global-spacing d-flex align-items-lg-center align-items-md-center align-items-center style-944 style-local-2-c2 position-relative\">\n    <!---->\n    <!---->\n    <div class=\"h-section-grid-container h-section-fluid-container\">\n      <!---->\n      <div data-colibri-id=\"2-c3\" class=\"h-row-container gutters-row-lg-0 gutters-row-md-0 gutters-row-0 gutters-row-v-lg-0 gutters-row-v-md-0 gutters-row-v-0 style-945 style-local-2-c3 position-relative\">\n        <!---->\n        <div class=\"h-row justify-content-lg-center justify-content-md-center justify-content-center align-items-lg-stretch align-items-md-stretch align-items-stretch gutters-col-lg-0 gutters-col-md-0 gutters-col-0 gutters-col-v-lg-0 gutters-col-v-md-0 gutters-col-v-0\">\n          <!---->\n          <div class=\"h-column h-column-container d-flex h-col-lg-auto h-col-md-auto h-col-auto style-946-outer style-local-2-c4-outer\">\n            <div data-colibri-id=\"2-c4\" class=\"d-flex h-flex-basis h-column__inner h-px-lg-0 h-px-md-0 h-px-0 v-inner-lg-0 v-inner-md-0 v-inner-0 style-946 style-local-2-c4 position-relative\">\n              <!---->\n              <!---->\n              <div class=\"w-100 h-y-container h-column__content h-column__v-align flex-basis-100 align-self-lg-center align-self-md-center align-self-center\">\n                <!---->\n                <div data-colibri-id=\"2-c5\" class=\"h-row-container gutters-row-lg-0 gutters-row-md-0 gutters-row-0 gutters-row-v-lg-0 gutters-row-v-md-0 gutters-row-v-0 style-947 style-local-2-c5 position-relative\">\n                  <!---->\n                  <div class=\"h-row justify-content-lg-center justify-content-md-center justify-content-center align-items-lg-stretch align-items-md-stretch align-items-stretch gutters-col-lg-0 gutters-col-md-0 gutters-col-0 gutters-col-v-lg-0 gutters-col-v-md-0 gutters-col-v-0\">\n                    <!---->\n                    <div class=\"h-column h-column-container d-flex h-col-lg-auto h-col-md-auto h-col-auto style-948-outer style-local-2-c6-outer\">\n                      <div data-colibri-id=\"2-c6\" class=\"d-flex h-flex-basis h-column__inner h-px-lg-0 h-px-md-0 h-px-0 v-inner-lg-0 v-inner-md-0 v-inner-0 style-948 style-local-2-c6 position-relative\">\n                        <!---->\n                        <!---->\n                        <div class=\"w-100 h-y-container h-column__content h-column__v-align flex-basis-auto align-self-lg-start align-self-md-start align-self-start\">\n                          <!---->\n                          <div data-colibri-id=\"2-c7\" class=\"h-icon style-949 style-local-2-c7 position-relative h-element\">\n                            <!----><span class=\"h-svg-icon h-icon__icon style-949-icon style-local-2-c7-icon\"><!--Icon by Icons8 Line Awesome (https:\/\/icons8.com\/line-awesome)--><svg version=\"1.1\" xmlns=\"http:\/\/www.w3.org\/2000\/svg\" xmlns:xlink=\"http:\/\/www.w3.org\/1999\/xlink\" id=\"certificate\" viewBox=\"0 0 512 545.5\"><path d=\"M256 80c9.983 0 19.968 3.405 28.5 9.5L311 108l30 4h.5c21.032 2.554 37.638 19.561 40.5 40.5.053.387.457.61.5 1h-.5l6 30 18.5 26.5c12.19 17.064 11.676 39.618.5 57.5v.5l-.5.5L388 295l-4 30 50 76 16.5 24.5H374l-18.5 43L344 496l-16.5-25-50.5-76c-13.095 6.064-28.457 5.585-42 0l-50.5 76-16.5 25-11.5-27.5-18.5-43H61.5L78 401l51.5-78.5-5-27.5-19-26.5c-12.19-17.064-11.676-40.118-.5-58v-.5l.5-.5 18.5-24 4-31v-.5l.5-.5c4.534-20.402 20.598-36.466 41-41l.5-.5h.5l30.5-4 26.5-18.5c8.532-6.095 18.517-9.5 28.5-9.5zm0 32.5c-3.666 0-7.332 1.095-10 3L217.5 136l-3.5 2.5-4 .5-33.5 4.5c-.247.055-.257.438-.5.5-7.79 2.005-13.995 8.21-16 16-.063.243-.445.253-.5.5L155 194l-.5 4.5-2.5 3-20 26c-4.824 7.72-4.31 17.165-.5 22.5l20.5 28.5 2.5 3 .5 4 6.5 36.5v1c.246 2.212 1.006 4.255 2 6 2.224 3.903 6.053 6.45 11 7h.5l35 5 4.5.5 3 2.5 26 20c7.72 4.824 17.165 4.31 22.5.5l28.5-20.5 3-2.5 4-.5 36.5-6.5h1c4.002-.444 7.192-2.272 9.5-5v-.5l1-.5c1.337-1.955 2.207-4.365 2.5-7v-.5l5-35 .5-4 2.5-3.5 20-28c4.824-7.72 4.31-16.665.5-22L360 200l-2.5-3-.5-3.5-6.5-35.5v-1c-.796-7.16-5.84-12.204-13-13h-.5l-35-5-4-.5-3.5-2.5-28.5-20.5c-2.668-1.905-6.334-3-10-3zM366.5 356c-6.544 5.165-14.402 8.824-23 10-.387.053-.61.457-1 .5v-.5l-31.5 5.5-7.5 5.5 34 52 11-25.5 4-10H391zm-221 .5l-24.5 37h38.5l4 10 11 25.5 34-51.5-7-5.5-30.5-4c-.157-.018-.343.02-.5 0-9.517-1.155-18.16-5.4-25-11.5z\"><\/path><\/svg><\/span><\/div>\n                        <\/div>\n                      <\/div>\n                    <\/div>\n                    <div class=\"h-column h-column-container d-flex h-col-lg h-col-md h-col-auto style-950-outer style-local-2-c8-outer\">\n                      <div data-colibri-id=\"2-c8\" class=\"d-flex h-flex-basis h-column__inner h-px-lg-0 h-px-md-0 h-px-0 v-inner-lg-0 v-inner-md-0 v-inner-0 style-950 style-local-2-c8 position-relative\">\n                        <!---->\n                        <!---->\n                        <div class=\"w-100 h-y-container h-column__content h-column__v-align flex-basis-100 align-self-lg-center align-self-md-center align-self-center\">\n                          <!---->\n                          <div data-colibri-id=\"2-c9\" class=\"h-global-transition-all h-heading style-951 style-local-2-c9 position-relative h-element\">\n                            <!---->\n                            <div class=\"h-heading__outer style-951 style-local-2-c9\">\n                              <!---->\n                              <!---->\n                              <h2 class=\"\">Mein <span class=\"fancy-title-headline d-inline-flex\"><span class=\"text-wrapper-fancy\"><span class=\"text-animation-fancy bring-to-front\">Erfolgsrezept<\/span>\n                                <svg xmlns=\"http:\/\/www.w3.org\/2000\/svg\" viewBox=\"0 0 500 150\" preserveAspectRatio=\"none\">\n                                  <path d=\"M7.7,145.6C109,125,299.9,116.2,401,121.3c42.1,2.2,87.6,11.8,87.3,25.7\"><\/path>\n                                <\/svg>\n                                <\/span>\n                                <\/span>\n                              <\/h2>\n                            <\/div>\n                          <\/div>\n                          <div data-colibri-id=\"2-c10\" class=\"h-lead h-text h-text-component style-952 style-local-2-c10 position-relative h-element\">\n                            <!---->\n                            <!---->\n                            <div class=\"\">\n                              <p>Gelernter Koch und staatlich gepr\u00fcfter Betriebswirt in Hotellerie und Gastronomie. Ich biete mehr als 14 Jahren Berufserfahrung in der internationalen Top Hotellerie.<\/p>\n                              <p>Es gibt viele tolle Ideen, doch oft hapert es an der Umsetzung, mangelndem Know-How, Manpower etc.\n                                <br>\n                                <br>Ich m\u00f6chte meine Kreativit\u00e4t und st\u00e4tigen Drang nach Verbesserung nutzen und Ihnen helfen ihr Projekt erfolgreich zu realisieren. Denn Alltagsroutine ist f\u00fcr mich t\u00f6dlich und der Drang nach Neuem treibt mich an. Deswegen\n                                bin ich, Chef Daniel, der ideale Berater mit jahrelanger Expertise. Von der Pieke an gelernt mit dem betrieblichen Know-How und einem Hang f\u00fcr Zahlen, dass auch ihr Unternehmen betriebswirtschaftlich erfolgreich wird.<\/p>\n                              <p>\n                                <br>\n                              <\/p>\n                            <\/div>\n                          <\/div>\n                        <\/div>\n                      <\/div>\n                    <\/div>\n                  <\/div>\n                <\/div>\n              <\/div>\n            <\/div>\n          <\/div>\n          <div class=\"h-column h-column-container d-flex h-col-lg-auto h-col-md-auto h-col-auto style-953-outer style-local-2-c11-outer\">\n            <div data-colibri-id=\"2-c11\" class=\"d-flex h-flex-basis h-column__inner h-ui-empty-state-container h-px-lg-0 h-px-md-0 h-px-0 v-inner-lg-0 v-inner-md-0 v-inner-0 style-953 style-local-2-c11 position-relative\">\n              <!---->\n              <!---->\n              <div class=\"w-100 h-y-container h-column__content h-column__v-align flex-basis-100\">\n                <!---->\n              <\/div>\n            <\/div>\n          <\/div>\n        <\/div>\n      <\/div>\n    <\/div>\n  <\/div>\n  <div data-colibri-component=\"section\" data-colibri-id=\"2-c12\" id=\"cta\" class=\"h-section h-section-global-spacing d-flex align-items-lg-center align-items-md-center align-items-center style-964 style-local-2-c12 position-relative\">\n    <div class=\"background-wrapper\">\n      <div class=\"background-layer background-layer-media-container-lg\">\n        <!---->\n        <div class=\"overlay-layer\">\n          <div class=\"overlay-image-layer\" style=\"background-color: rgb(0, 0, 0); opacity: 0.5;\"><\/div>\n        <\/div>\n      <\/div>\n      <div class=\"background-layer background-layer-media-container-md\">\n        <!---->\n        <div class=\"overlay-layer\">\n          <div class=\"overlay-image-layer\" style=\"background-color: rgb(0, 0, 0); opacity: 0.5;\"><\/div>\n        <\/div>\n      <\/div>\n      <div class=\"background-layer background-layer-media-container\">\n        <!---->\n        <div class=\"overlay-layer\">\n          <div class=\"overlay-image-layer\" style=\"background-color: rgb(0, 0, 0); opacity: 0.5;\"><\/div>\n        <\/div>\n      <\/div>\n    <\/div>\n    <!---->\n    <div class=\"h-section-grid-container h-section-boxed-container\">\n      <!---->\n      <div data-colibri-id=\"2-c13\" class=\"h-row-container gutters-row-lg-2 gutters-row-md-2 gutters-row-0 gutters-row-v-lg-2 gutters-row-v-md-2 gutters-row-v-2 style-965 style-local-2-c13 position-relative\">\n        <!---->\n        <div class=\"h-row justify-content-lg-center justify-content-md-center justify-content-center align-items-lg-stretch align-items-md-stretch align-items-stretch gutters-col-lg-2 gutters-col-md-2 gutters-col-0 gutters-col-v-lg-2 gutters-col-v-md-2 gutters-col-v-2\">\n          <!---->\n          <div class=\"h-column h-column-container d-flex h-col-lg-auto h-col-md-auto h-col-auto style-966-outer style-local-2-c14-outer\">\n            <div data-colibri-id=\"2-c14\" class=\"d-flex h-flex-basis h-column__inner h-px-lg-0 h-px-md-0 h-px-2 v-inner-lg-0 v-inner-md-0 v-inner-2 style-966 style-local-2-c14 position-relative\">\n              <!---->\n              <!---->\n              <div class=\"w-100 h-y-container h-column__content h-column__v-align flex-basis-100 align-self-lg-center align-self-md-center align-self-center\">\n                <!---->\n                <div data-colibri-id=\"2-c15\" class=\"h-global-transition-all h-heading style-967 style-local-2-c15 position-relative h-element\">\n                  <!---->\n                  <div class=\"h-heading__outer style-967 style-local-2-c15\">\n                    <!---->\n                    <!---->\n                    <h2 class=\"\">Bleibe auf dem Laufendem<\/h2>\n                  <\/div>\n                <\/div>\n              <\/div>\n            <\/div>\n          <\/div>\n          <div class=\"h-column h-column-container d-flex h-col-lg-auto h-col-md-auto h-col-auto style-968-outer style-local-2-c16-outer\">\n            <div data-colibri-id=\"2-c16\" class=\"d-flex h-flex-basis h-column__inner h-px-lg-0 h-px-md-0 h-px-2 v-inner-lg-0 v-inner-md-0 v-inner-2 style-968 style-local-2-c16 position-relative\">\n              <!---->\n              <!---->\n              <div class=\"w-100 h-y-container h-column__content h-column__v-align flex-basis-100 align-self-lg-center align-self-md-center align-self-center\">\n                <!---->\n                <div data-colibri-id=\"2-c17\" class=\"h-x-container style-969 style-local-2-c17 position-relative h-element\">\n                  <!---->\n                  <div class=\"h-x-container-inner style-dynamic-2-c17-group style-969-spacing style-local-2-c17-spacing\"><span class=\"h-button__outer style-970-outer style-local-2-c18-outer d-inline-flex h-element\"><a h-use-smooth-scroll=\"true\" href=\"\"  data-colibri-id=\"2-c18\" class=\"d-flex w-100 align-items-center h-button justify-content-lg-center justify-content-md-center justify-content-center style-970 style-local-2-c18 position-relative\"><!----><!----> <span> Newsletter abonnieren<\/span><\/a>\n                    <\/span>\n                  <\/div>\n                <\/div>\n              <\/div>\n            <\/div>\n          <\/div>\n        <\/div>\n      <\/div>\n    <\/div>\n  <\/div>\n<\/div>","protected":false},"excerpt":{"rendered":"<p>Mein Erfolgsrezept Gelernter Koch und staatlich gepr\u00fcfter Betriebswirt in Hotellerie und Gastronomie. Ich biete mehr als 14 Jahren Berufserfahrung in der internationalen Top Hotellerie. Es gibt viele tolle Ideen, doch [&hellip;]<\/p>\n","protected":false},"author":1,"featured_media":0,"parent":0,"menu_order":0,"comment_status":"closed","ping_status":"closed","template":"page-templates\/full-width-page.php","meta":{"footnotes":""},"class_list":["post-2","page","type-page","status-publish","hentry"],"yoast_head":"<!-- This site is optimized with the Yoast SEO plugin v26.8 - https:\/\/yoast.com\/product\/yoast-seo-wordpress\/ -->\n<title>\u00dcber mich - Chef Daniels Culinary Concepts - WINZZA<\/title>\n<meta name=\"description\" content=\"Gastgeber aus Leidenschaft! Als gelernter Koch &amp; staatlich gepr\u00fcfter Betriebswirt erschaffe ich Chef Daniel im wieder neue Genussmomente\" \/>\n<meta name=\"robots\" content=\"index, follow, max-snippet:-1, max-image-preview:large, max-video-preview:-1\" \/>\n<link rel=\"canonical\" href=\"https:\/\/chefdaniel.de\/?page_id=2\" \/>\n<meta property=\"og:locale\" content=\"de_DE\" \/>\n<meta property=\"og:type\" content=\"article\" \/>\n<meta property=\"og:title\" content=\"\u00dcber mich - Chef Daniels Culinary Concepts - WINZZA\" \/>\n<meta property=\"og:description\" content=\"Gastgeber aus Leidenschaft! Als gelernter Koch &amp; staatlich gepr\u00fcfter Betriebswirt erschaffe ich Chef Daniel im wieder neue Genussmomente\" \/>\n<meta property=\"og:url\" content=\"https:\/\/chefdaniel.de\/?page_id=2\" \/>\n<meta property=\"og:site_name\" content=\"Chef Daniels Culinary Concepts - WINZZA\" \/>\n<meta property=\"article:modified_time\" content=\"2024-02-05T17:15:13+00:00\" \/>\n<meta name=\"twitter:card\" content=\"summary_large_image\" \/>\n<meta name=\"twitter:label1\" content=\"Gesch\u00e4tzte Lesezeit\" \/>\n\t<meta name=\"twitter:data1\" content=\"1\u00a0Minute\" \/>\n<script type=\"application\/ld+json\" class=\"yoast-schema-graph\">{\"@context\":\"https:\/\/schema.org\",\"@graph\":[{\"@type\":\"WebPage\",\"@id\":\"https:\/\/chefdaniel.de\/?page_id=2\",\"url\":\"https:\/\/chefdaniel.de\/?page_id=2\",\"name\":\"\u00dcber mich - Chef Daniels Culinary Concepts - WINZZA\",\"isPartOf\":{\"@id\":\"https:\/\/chefdaniel.de\/#website\"},\"datePublished\":\"2020-07-12T16:31:04+00:00\",\"dateModified\":\"2024-02-05T17:15:13+00:00\",\"description\":\"Gastgeber aus Leidenschaft! Als gelernter Koch & staatlich gepr\u00fcfter Betriebswirt erschaffe ich Chef Daniel im wieder neue Genussmomente\",\"breadcrumb\":{\"@id\":\"https:\/\/chefdaniel.de\/?page_id=2#breadcrumb\"},\"inLanguage\":\"de\",\"potentialAction\":[{\"@type\":\"ReadAction\",\"target\":[\"https:\/\/chefdaniel.de\/?page_id=2\"]}]},{\"@type\":\"BreadcrumbList\",\"@id\":\"https:\/\/chefdaniel.de\/?page_id=2#breadcrumb\",\"itemListElement\":[{\"@type\":\"ListItem\",\"position\":1,\"name\":\"Startseite\",\"item\":\"https:\/\/chefdaniel.de\/\"},{\"@type\":\"ListItem\",\"position\":2,\"name\":\"\u00dcber mich\"}]},{\"@type\":\"WebSite\",\"@id\":\"https:\/\/chefdaniel.de\/#website\",\"url\":\"https:\/\/chefdaniel.de\/\",\"name\":\"CHEF DANIEL - CULINARY CONCEPTS\",\"description\":\"kulinarische Rheingauer Genussmomente vom kreativen Foodie Chef Daniel regional, saisonal &amp; nachhaltig\",\"publisher\":{\"@id\":\"https:\/\/chefdaniel.de\/#organization\"},\"potentialAction\":[{\"@type\":\"SearchAction\",\"target\":{\"@type\":\"EntryPoint\",\"urlTemplate\":\"https:\/\/chefdaniel.de\/?s={search_term_string}\"},\"query-input\":{\"@type\":\"PropertyValueSpecification\",\"valueRequired\":true,\"valueName\":\"search_term_string\"}}],\"inLanguage\":\"de\"},{\"@type\":\"Organization\",\"@id\":\"https:\/\/chefdaniel.de\/#organization\",\"name\":\"Chef Daniel - Consulting\",\"url\":\"https:\/\/chefdaniel.de\/\",\"logo\":{\"@type\":\"ImageObject\",\"inLanguage\":\"de\",\"@id\":\"https:\/\/chefdaniel.de\/#\/schema\/logo\/image\/\",\"url\":\"https:\/\/chefdaniel.de\/wp-content\/uploads\/2021\/01\/Chef-Daniel-Logo-_-final-blaue-Schrift-weisse-Schrift-2.png\",\"contentUrl\":\"https:\/\/chefdaniel.de\/wp-content\/uploads\/2021\/01\/Chef-Daniel-Logo-_-final-blaue-Schrift-weisse-Schrift-2.png\",\"width\":1080,\"height\":1080,\"caption\":\"Chef Daniel - Consulting\"},\"image\":{\"@id\":\"https:\/\/chefdaniel.de\/#\/schema\/logo\/image\/\"}}]}<\/script>\n<!-- \/ Yoast SEO plugin. -->","yoast_head_json":{"title":"\u00dcber mich - Chef Daniels Culinary Concepts - WINZZA","description":"Gastgeber aus Leidenschaft! Als gelernter Koch & staatlich gepr\u00fcfter Betriebswirt erschaffe ich Chef Daniel im wieder neue Genussmomente","robots":{"index":"index","follow":"follow","max-snippet":"max-snippet:-1","max-image-preview":"max-image-preview:large","max-video-preview":"max-video-preview:-1"},"canonical":"https:\/\/chefdaniel.de\/?page_id=2","og_locale":"de_DE","og_type":"article","og_title":"\u00dcber mich - Chef Daniels Culinary Concepts - WINZZA","og_description":"Gastgeber aus Leidenschaft! Als gelernter Koch & staatlich gepr\u00fcfter Betriebswirt erschaffe ich Chef Daniel im wieder neue Genussmomente","og_url":"https:\/\/chefdaniel.de\/?page_id=2","og_site_name":"Chef Daniels Culinary Concepts - WINZZA","article_modified_time":"2024-02-05T17:15:13+00:00","twitter_card":"summary_large_image","twitter_misc":{"Gesch\u00e4tzte Lesezeit":"1\u00a0Minute"},"schema":{"@context":"https:\/\/schema.org","@graph":[{"@type":"WebPage","@id":"https:\/\/chefdaniel.de\/?page_id=2","url":"https:\/\/chefdaniel.de\/?page_id=2","name":"\u00dcber mich - Chef Daniels Culinary Concepts - WINZZA","isPartOf":{"@id":"https:\/\/chefdaniel.de\/#website"},"datePublished":"2020-07-12T16:31:04+00:00","dateModified":"2024-02-05T17:15:13+00:00","description":"Gastgeber aus Leidenschaft! Als gelernter Koch & staatlich gepr\u00fcfter Betriebswirt erschaffe ich Chef Daniel im wieder neue Genussmomente","breadcrumb":{"@id":"https:\/\/chefdaniel.de\/?page_id=2#breadcrumb"},"inLanguage":"de","potentialAction":[{"@type":"ReadAction","target":["https:\/\/chefdaniel.de\/?page_id=2"]}]},{"@type":"BreadcrumbList","@id":"https:\/\/chefdaniel.de\/?page_id=2#breadcrumb","itemListElement":[{"@type":"ListItem","position":1,"name":"Startseite","item":"https:\/\/chefdaniel.de\/"},{"@type":"ListItem","position":2,"name":"\u00dcber mich"}]},{"@type":"WebSite","@id":"https:\/\/chefdaniel.de\/#website","url":"https:\/\/chefdaniel.de\/","name":"CHEF DANIEL - CULINARY CONCEPTS","description":"kulinarische Rheingauer Genussmomente vom kreativen Foodie Chef Daniel regional, saisonal &amp; nachhaltig","publisher":{"@id":"https:\/\/chefdaniel.de\/#organization"},"potentialAction":[{"@type":"SearchAction","target":{"@type":"EntryPoint","urlTemplate":"https:\/\/chefdaniel.de\/?s={search_term_string}"},"query-input":{"@type":"PropertyValueSpecification","valueRequired":true,"valueName":"search_term_string"}}],"inLanguage":"de"},{"@type":"Organization","@id":"https:\/\/chefdaniel.de\/#organization","name":"Chef Daniel - Consulting","url":"https:\/\/chefdaniel.de\/","logo":{"@type":"ImageObject","inLanguage":"de","@id":"https:\/\/chefdaniel.de\/#\/schema\/logo\/image\/","url":"https:\/\/chefdaniel.de\/wp-content\/uploads\/2021\/01\/Chef-Daniel-Logo-_-final-blaue-Schrift-weisse-Schrift-2.png","contentUrl":"https:\/\/chefdaniel.de\/wp-content\/uploads\/2021\/01\/Chef-Daniel-Logo-_-final-blaue-Schrift-weisse-Schrift-2.png","width":1080,"height":1080,"caption":"Chef Daniel - Consulting"},"image":{"@id":"https:\/\/chefdaniel.de\/#\/schema\/logo\/image\/"}}]}},"_links":{"self":[{"href":"https:\/\/chefdaniel.de\/index.php?rest_route=\/wp\/v2\/pages\/2","targetHints":{"allow":["GET"]}}],"collection":[{"href":"https:\/\/chefdaniel.de\/index.php?rest_route=\/wp\/v2\/pages"}],"about":[{"href":"https:\/\/chefdaniel.de\/index.php?rest_route=\/wp\/v2\/types\/page"}],"author":[{"embeddable":true,"href":"https:\/\/chefdaniel.de\/index.php?rest_route=\/wp\/v2\/users\/1"}],"replies":[{"embeddable":true,"href":"https:\/\/chefdaniel.de\/index.php?rest_route=%2Fwp%2Fv2%2Fcomments&post=2"}],"version-history":[{"count":7,"href":"https:\/\/chefdaniel.de\/index.php?rest_route=\/wp\/v2\/pages\/2\/revisions"}],"predecessor-version":[{"id":1809,"href":"https:\/\/chefdaniel.de\/index.php?rest_route=\/wp\/v2\/pages\/2\/revisions\/1809"}],"wp:attachment":[{"href":"https:\/\/chefdaniel.de\/index.php?rest_route=%2Fwp%2Fv2%2Fmedia&parent=2"}],"curies":[{"name":"wp","href":"https:\/\/api.w.org\/{rel}","templated":true}]}}